{"id":26,"date":"2024-01-20T12:41:20","date_gmt":"2024-01-20T11:41:20","guid":{"rendered":"https:\/\/wp.omnifortuna.group\/?page_id=26"},"modified":"2024-01-27T08:54:15","modified_gmt":"2024-01-27T07:54:15","slug":"datenschutzerklaerung-2","status":"publish","type":"page","link":"https:\/\/www.omnifortuna.group\/?page_id=26","title":{"rendered":"Datenschutz"},"content":{"rendered":"\n<p class=\"has-text-align-left has-medium-font-size\">Wir von omni fortuna group development, ein Gesch\u00e4ftsbereich der OMNI FORTUNA GmbH, (kurz: OFD) sammeln deine Daten aus der Nutzung unserer Website und den entsprechenden Apps, die dazu beitragen sollen, dein Gesch\u00e4ft und deinen Alltag zu optimieren. Wir verstehen, dass du deine Privatsph\u00e4re sch\u00e4tzt. Wir sind der festen \u00dcberzeugung, dass Datenschutz ein grundlegendes Menschenrecht ist und du das Recht haben solltest, zu entscheiden, wie und von wem deine Daten verwendet werden. Unsere Datenschutzrichtlinie basiert auf diesen Prinzipien:<\/p>\n\n\n\n<p class=\"has-medium-font-size\"><strong>1. Wir halten dich stets \u00fcber deine Daten auf dem Laufenden<\/strong><\/p>\n\n\n\n<p class=\"has-medium-font-size\">Wir m\u00f6chten sicherstellen, dass du immer dar\u00fcber informiert bist, welche Daten wir von dir verwenden, warum wir sie verwenden, wie lange wir sie aufbewahren und wer Zugriff auf sie hat. Du hast das Recht, die volle Kontrolle \u00fcber deine Daten zu behalten. Wir betrachten die von dir bereitgestellten oder \u00fcber dich gesammelten Daten als deine eigenen. Wir verwenden sie ausschlie\u00dflich f\u00fcr die Zwecke, f\u00fcr die du uns die Erlaubnis gegeben hast oder die wir von dir gesammelt haben. OFD ist der Dienstleister f\u00fcr die Datenverarbeitung, und du bist der Verantwortliche gem\u00e4\u00df den Datenschutzgrundverordnungen (DSGVO) in Deutschland und der Allgemeinen Datenschutzverordnung (GDPR) in der EU. OFD handelt nur auf deine Anweisungen hin. Wir treffen angemessene technische und organisatorische Sicherheitsma\u00dfnahmen, um deine Daten vor unbeabsichtigtem oder unrechtm\u00e4\u00dfigem Zugriff, Verlust oder \u00c4nderung sowie vor unbefugter Offenlegung, Missbrauch oder anderer Verarbeitung zu sch\u00fctzen, die gegen die Bestimmungen der DSGVO in Deutschland und der GDPR in der EU versto\u00dfen. Auf deine Anfrage hin stellen wir dir innerhalb angemessener Zeit ausreichende Informationen zur Verf\u00fcgung, damit du sicherstellen kannst, dass wir die Anforderungen an angemessene technische und organisatorische Sicherheitsma\u00dfnahmen erf\u00fcllen.<\/p>\n\n\n\n<p class=\"has-medium-font-size\"><strong>2. Wir sch\u00fctzen deine Daten<\/strong><\/p>\n\n\n\n<p class=\"has-medium-font-size\">Deine Daten geh\u00f6ren immer dir. Wir setzen alles daran, deine Daten so gut wie m\u00f6glich zu sch\u00fctzen, um sicherzustellen, dass sie nicht in falsche H\u00e4nde geraten. Wir verschl\u00fcsseln, anonymisieren oder pseudonymisieren deine Daten, um sie sicher aufzubewahren. Wir informieren dich dar\u00fcber, welche Daten von dir oder \u00fcber dich verwendet werden, warum wir sie verwenden, wie lange wir sie verwenden, wer darauf zugreifen kann und wo sie gespeichert werden. Wir verwenden deine Daten nur f\u00fcr die Zwecke, die wir dir mitteilen. Wir speichern deine Daten so kurz wie m\u00f6glich und nur so lange, wie sie ben\u00f6tigt werden. Wenn wir deine Daten nicht mehr ben\u00f6tigen, werden sie gel\u00f6scht oder unwiderruflich anonymisiert, sodass sie nicht mehr mit dir in Verbindung gebracht werden k\u00f6nnen. Wenn wir dich um deine Einwilligung zur Verwendung deiner Daten f\u00fcr bestimmte Zwecke bitten, hast du immer die M\u00f6glichkeit, deine Einwilligung zu widerrufen. Wir sch\u00fctzen deine Daten bestm\u00f6glich vor unbefugtem Zugriff und versehentlichem Verlust. Wenn wir anderen erlauben, deine Daten in unserem Auftrag zu verwenden, stellen wir sicher, dass sie sich an unsere Datenschutzrichtlinie halten. Bevor wir deine Daten an Dritte weitergeben, werden wir dich um deine Erlaubnis bitten, es sei denn, es besteht eine gesetzliche Verpflichtung, die uns daran hindert, dich zu fragen. Wir stehen offen f\u00fcr alle Fragen, die du zur Verwendung deiner Daten hast, und beantworten sie gerne.<\/p>\n\n\n\n<p class=\"has-medium-font-size\">Da unser Unternehmen in Deutschland in Europa ans\u00e4ssig ist, gilt immer die Allgemeine Datenschutzverordnung (GDPR). Diese Gesetze sind weltweit als die umfassendsten bekannt und bieten ein hohes Ma\u00df an Sicherheit, da wir deine Daten nur verwenden d\u00fcrfen, wenn alle Bedingungen dieser Gesetze erf\u00fcllt sind. Unsere Unternehmensrichtlinien zum Datenschutz und zur Verarbeitung personenbezogener Daten entsprechen diesen Gesetzen, und wir wenden diese Datenschutzrichtlinien weltweit an.<\/p>\n\n\n\n<p class=\"has-medium-font-size\"><strong>Definitionen<\/strong><\/p>\n\n\n\n<p class=\"has-medium-font-size\"><strong>Personenbezogene Daten:<\/strong><\/p>\n\n\n\n<p class=\"has-medium-font-size\">Informationen, die sich auf dich als identifizierbare nat\u00fcrliche Person (registrierter Nutzer) beziehen. Als identifizierbar gilt eine Person, die direkt oder indirekt anhand einer Kennnummer oder spezifischer Elemente identifiziert werden kann, die Ausdruck ihrer physischen, physiologischen, psychischen, wirtschaftlichen, kulturellen oder sozialen Identit\u00e4t sind.<\/p>\n\n\n\n<p class=\"has-medium-font-size\">Verarbeitung personenbezogener Daten: Ein oder mehrere Vorg\u00e4nge, die mit personenbezogenen Daten durchgef\u00fchrt werden, wie das Erheben, Speichern, Organisieren, Aufbewahren, Anpassen, \u00c4ndern, Auslesen, Abfragen, Benutzen, Weitergeben, Verbreiten, Kombinieren, Verkn\u00fcpfen, Sperren, L\u00f6schen oder Vernichten. OFD verarbeitet personenbezogene Daten auf faire und rechtm\u00e4\u00dfige Weise. Wir erheben personenbezogene Daten nur f\u00fcr festgelegte, eindeutige und rechtm\u00e4\u00dfige Zwecke und verwenden sie nicht in einer Weise, die mit diesen Zwecken unvereinbar ist. Wir stellen sicher, dass die personenbezogenen Daten angemessen und relevant sind und keine unn\u00f6tigen Informationen in Bezug auf die Zwecke, f\u00fcr die sie erhoben und verwendet werden, enthalten. Wir speichern personenbezogene Daten, die zur Identifizierung der Nutzer dienen, nur so lange, wie sie f\u00fcr den jeweiligen Zweck ben\u00f6tigt werden.<\/p>\n\n\n\n<p class=\"has-medium-font-size\">OFD verarbeitet personenbezogene Daten nur in folgenden F\u00e4llen: <\/p>\n\n\n\n<p class=\"has-medium-font-size\">Wenn du ausdr\u00fccklich zugestimmt hast; <\/p>\n\n\n\n<p class=\"has-medium-font-size\">Wenn die Verarbeitung zur Erf\u00fcllung eines Vertrags erforderlich ist, dessen Vertragspartei du bist, oder zur Durchf\u00fchrung von Ma\u00dfnahmen, die auf deinen vorvertraglichen Wunsch hin getroffen werden;<\/p>\n\n\n\n<p class=\"has-medium-font-size\">Wenn die Verarbeitung zur Erf\u00fcllung einer gesetzlichen Verpflichtung erforderlich ist, der OFD unterliegt;<\/p>\n\n\n\n<p class=\"has-medium-font-size\">Wenn die Verarbeitung zur Wahrung der berechtigten Interessen von OFD erforderlich ist, sofern nicht deine Grundrechte und -freiheiten, insbesondere dein Recht auf Privatsph\u00e4re, \u00fcberwiegen. OFD verwendet keine personenbezogenen Daten, aus denen die rassische oder ethnische Herkunft, politische Meinungen, religi\u00f6se oder philosophische \u00dcberzeugungen, die Gewerkschaftszugeh\u00f6rigkeit oder personenbezogene Daten \u00fcber Gesundheit oder sexuelle Orientierung hervorgehen.<\/p>\n\n\n\n<p class=\"has-medium-font-size\">Wir verarbeiten Daten in deinem Auftrag und nur auf der Grundlage eines Vertrags oder deiner Zustimmung. Du kannst deine Daten jederzeit abrufen, korrigieren oder aus unserem System l\u00f6schen. Wir sammeln nur Daten von dir \u00fcber unsere Website oder die Apps von OFD, und es werden keine anderen Daten an OFD gesendet. Wir haben immer die M\u00f6glichkeit, in deinem Namen auf die Daten zuzugreifen und sie zu korrigieren. Dabei haben nur befugte Mitarbeiter von OFD Zugriff auf deine Daten. Die Mitarbeiter, die Zugriff auf deine Daten haben, tun dies ausschlie\u00dflich, um dich bestm\u00f6glich zu unterst\u00fctzen und statistische Daten zur Verbesserung unserer Dienste zu sammeln. OFD hat angemessene technische und organisatorische Ma\u00dfnahmen ergriffen, um personenbezogene Daten vor unbeabsichtigter oder unrechtm\u00e4\u00dfiger Zerst\u00f6rung, Verlust, \u00c4nderung, Weitergabe oder unbefugtem Zugriff zu sch\u00fctzen. OFD gew\u00e4hrleistet dies durch Sicherheitsma\u00dfnahmen, die den Risiken der Verarbeitung und der Art der zu sch\u00fctzenden personenbezogenen Daten angemessen sind. Wenn OFD personenbezogene Daten im Auftrag verarbeitet, wird ein Auftragsverarbeiter ausgew\u00e4hlt, der ausreichende Garantien f\u00fcr technische und organisatorische Sicherheitsma\u00dfnahmen bietet und die Einhaltung dieser Ma\u00dfnahmen gew\u00e4hrleistet. In solchen F\u00e4llen wird sichergestellt, dass die Verarbeitung auf der Grundlage eines Vertrags erfolgt, der den Auftragsverarbeiter an OFD bindet und die Einhaltung unserer Datenschutzrichtlinie vorsieht. OFD verarbeitet personenbezogene Daten in der Europ\u00e4ischen Wirtschaftsgemeinschaft (EWG). Wenn personenbezogene Daten von OFD au\u00dferhalb der EWG \u00fcbertragen oder verarbeitet werden, stellt OFD sicher, dass angemessene Garantien in Bezug auf den Schutz der Privatsph\u00e4re und der Grundrechte und -freiheiten von Personen sowie in Bezug auf die Aus\u00fcbung der entsprechenden Rechte bestehen. Dies erfolgt durch geeignete vertragliche Bestimmungen oder andere akzeptable rechtsverbindliche Instrumente. Wenn OFD Daten auf deinem Ger\u00e4t speichert oder darauf zugreift, stellt OFD sicher, dass du deine Zustimmung erteilt hast, nachdem du klare und relevante Informationen \u00fcber den Zweck der Verarbeitung erhalten hast. Dies hindert OFD nicht daran, technische Speicherung oder Zugriff zum alleinigen Zweck der Nachrichten\u00fcbermittlung \u00fcber ein elektronisches Kommunikationsnetz durchzuf\u00fchren oder wenn dies unbedingt erforderlich ist, um einen von dir ausdr\u00fccklich gew\u00fcnschten Dienst zu erbringen.<\/p>\n\n\n\n<p class=\"has-medium-font-size\"><strong>Daten, die wir sammeln<\/strong><\/p>\n\n\n\n<p class=\"has-medium-font-size\">Wenn du unsere Websites, Produkte und Dienstleistungen nutzt, sammeln wir Daten von und \u00fcber dich. Welche Daten wir erfassen, h\u00e4ngt davon ab, was du nutzt und wie du es nutzt. Im Allgemeinen gibt es drei Kategorien von Daten, die wir sammeln und verwenden:<\/p>\n\n\n\n<p class=\"has-medium-font-size\">Von dir bereitgestellte Daten\u2028<br>diese Daten sind von dir selbst eingegebene Informationen, wenn du unsere Websites, Produkte und Dienstleistungen nutzt. Dazu geh\u00f6ren beispielsweise dein Name, deine E-Mail-Adresse, deine Adresse und deine Telefonnummer usw.<\/p>\n\n\n\n<p class=\"has-medium-font-size\">Metadaten\u2028<br>Metadaten sind Daten, die gesammelt oder automatisch generiert werden, w\u00e4hrend du unsere Websites, Produkte oder Dienstleistungen nutzt. In den meisten F\u00e4llen werden Metadaten \u00fcber ein Computerger\u00e4t oder \u00fcber Computernetzwerke wie das Internet gesammelt oder generiert. Dazu geh\u00f6ren Informationen zur Nutzung der Benutzeroberfl\u00e4che und anderer Ger\u00e4te, IP-Adressen, eindeutige Ger\u00e4tekennungen, Cookies und Aufzeichnungen von Computeraktivit\u00e4ten. OFD verkauft oder ver\u00f6ffentlicht diese Daten nicht, es sei denn, es liegt eine schriftliche Vereinbarung mit dem Rechtsinhaber oder eine gerichtliche Anordnung vor. OFD beh\u00e4lt sich jedoch das Recht vor, Marktstatistiken zu analysieren und zu ver\u00f6ffentlichen, die unter anderem auf anonymen Betriebsdaten von OFD-Trackingger\u00e4ten basieren.<\/p>\n\n\n\n<p class=\"has-medium-font-size\">OFD-Konto\u2028<br>Gelegentlich verwenden wir deine E-Mail-Adresse, um dir Informationen zu den in deinem OFD-Konto registrierten Produkten und Dienstleistungen zuzusenden. Dies tun wir nur, wenn es wichtige Updates gibt, die du kennen musst, um sicherzustellen, dass du deine Produkte sicher und zuverl\u00e4ssig nutzen kannst, oder wenn es einen legitimen Grund gibt, dich zu kontaktieren. Solltest du dein OFD-Konto l\u00f6schen wollen, kannst du dich direkt an OFD wenden. Wir geben deine Daten aus deinem OFD-Konto nicht an Dritte weiter, es sei denn, sie arbeiten in unserem Auftrag, gem\u00e4\u00df unseren Anweisungen oder wenn wir ausdr\u00fccklich und rechtlich dazu verpflichtet sind. Du kannst dich direkt an den Datenschutzbeauftragten unter hallo@OFD.de wenden. Wenn du mit deinen Rechten im Rahmen dieser Erkl\u00e4rung nicht zufrieden bist, zum Beispiel mit dem Recht auf Daten\u00fcbertragbarkeit, dem Recht auf Daten\u00e4nderung oder dem Recht auf Widerruf deiner Einwilligung, kannst du dich jederzeit an den Datenschutzbeauftragten wenden.<\/p>\n\n\n\n<p class=\"has-medium-font-size\">Stand: Januar 2024<\/p>\n","protected":false},"excerpt":{"rendered":"<p>Wir von omni fortuna group development, ein Gesch\u00e4ftsbereich der OMNI FORTUNA GmbH, (kurz: OFD) sammeln deine Daten aus der Nutzung unserer Website und den entsprechenden Apps, die dazu beitragen sollen, dein Gesch\u00e4ft und deinen Alltag [&hellip;]<\/p>\n","protected":false},"author":1,"featured_media":0,"parent":0,"menu_order":0,"comment_status":"closed","ping_status":"closed","template":"","meta":{"inline_featured_image":false,"footnotes":""},"class_list":["post-26","page","type-page","status-publish","hentry"],"_links":{"self":[{"href":"https:\/\/www.omnifortuna.group\/index.php?rest_route=\/wp\/v2\/pages\/26","targetHints":{"allow":["GET"]}}],"collection":[{"href":"https:\/\/www.omnifortuna.group\/index.php?rest_route=\/wp\/v2\/pages"}],"about":[{"href":"https:\/\/www.omnifortuna.group\/index.php?rest_route=\/wp\/v2\/types\/page"}],"author":[{"embeddable":true,"href":"https:\/\/www.omnifortuna.group\/index.php?rest_route=\/wp\/v2\/users\/1"}],"replies":[{"embeddable":true,"href":"https:\/\/www.omnifortuna.group\/index.php?rest_route=%2Fwp%2Fv2%2Fcomments&post=26"}],"version-history":[{"count":8,"href":"https:\/\/www.omnifortuna.group\/index.php?rest_route=\/wp\/v2\/pages\/26\/revisions"}],"predecessor-version":[{"id":743,"href":"https:\/\/www.omnifortuna.group\/index.php?rest_route=\/wp\/v2\/pages\/26\/revisions\/743"}],"wp:attachment":[{"href":"https:\/\/www.omnifortuna.group\/index.php?rest_route=%2Fwp%2Fv2%2Fmedia&parent=26"}],"curies":[{"name":"wp","href":"https:\/\/api.w.org\/{rel}","templated":true}]}}